{"id":2389,"date":"2022-02-01T10:19:38","date_gmt":"2022-02-01T09:19:38","guid":{"rendered":"https:\/\/www.net-familie.org\/?page_id=2389"},"modified":"2022-02-01T10:19:38","modified_gmt":"2022-02-01T09:19:38","slug":"jugendschutz","status":"publish","type":"page","link":"https:\/\/www.regnumchristi.eu\/net\/jugendschutz\/","title":{"rendered":"Jugendschutz"},"content":{"rendered":"<div id=\"schutz\"><div class=\"fusion-fullwidth fullwidth-box fusion-builder-row-1 nonhundred-percent-fullwidth non-hundred-percent-height-scrolling\" style=\"background-color: #ffffff;background-position: center center;background-repeat: no-repeat;padding-top:0px;padding-right:0px;padding-bottom:0px;padding-left:0px;margin-bottom: 0px;margin-top: 0px;border-width: 0px 0px 0px 0px;border-color:#eae9e9;border-style:solid;\" ><div class=\"fusion-builder-row fusion-row\"><div class=\"fusion-layout-column fusion_builder_column fusion-builder-column-0 fusion_builder_column_1_1 1_1 fusion-one-full fusion-column-first fusion-column-last\" style=\"margin-top:0px;margin-bottom:20px;\"><div class=\"fusion-column-wrapper fusion-flex-column-wrapper-legacy\" style=\"background-position:left top;background-blend-mode: overlay;background-repeat:no-repeat;-webkit-background-size:cover;-moz-background-size:cover;-o-background-size:cover;background-size:cover;padding: 0px 0px 0px 0px;\"><div class=\"fusion-sep-clear\"><\/div><div class=\"fusion-separator fusion-full-width-sep\" style=\"margin-left: auto;margin-right: auto;margin-top:6%;margin-bottom:6%;width:100%;\"><\/div><div class=\"fusion-sep-clear\"><\/div><style type=\"text\/css\">.fusion-title.fusion-title-1 svg path{stroke:#f9bf31!important}.fusion-title.fusion-title-1 svg{margin-top:8px!important}.fusion-title.fusion-title-1 svg path{stroke-width:9!important}@media only screen and (max-width:800px) {.fusion-title.fusion-title-1{margin-top:!important;margin-bottom:40px!important;}}<\/style><div class=\"fusion-title title fusion-title-1 fusion-sep-none fusion-title-highlight fusion-loop-off fusion-highlight-underline_zigzag fusion-title-size-two\" style=\"margin-top:0px;margin-right:0px;margin-bottom:40px;margin-left:0px;\" data-highlight=\"underline_zigzag\"><h2 class=\"title-heading-left fusion-responsive-typography-calculated\" style=\"margin:0;color:#333333;--fontSize:45;line-height:1.18;\"><span class=\"fusion-highlighted-text-prefix\"><\/span> <span class=\"fusion-highlighted-text-wrapper\"><span class=\"fusion-highlighted-text\" style=\"color:#333333;\">Schutz von Minderj\u00e4hrigen<\/span><\/span> <span class=\"fusion-highlighted-text-postfix\"><\/span><\/h2><\/div><div class=\"fusion-text fusion-text-1\"><div data-block-id=\"block-82631c63-656b-47b0-99c5-de5879384ef0\">\n<p>Die Pr\u00e4vention gegen sexualisierte Gewalt ist integraler Bestandteil der Arbeit des NET mit Kindern und Jugendlichen. Kinder- und Jugendschutz (gem\u00e4\u00df den Vorgaben der kirchlichen und staatlichen Stellen) hat bei uns Priorit\u00e4t.\u00a0Die\u00a0Rahmenordnung und Leitlinien der Deutschen Bischofskonferenz (DBK), der \u00d6sterreichischen Bischofskonferenz und der Deutschen Ordensobernkonferenz (DOK) sind auch Ma\u00dfstab f\u00fcr das\u00a0Handeln der Legion\u00e4re Christi und des Regnum Christi. Ihre Umsetzung bedeutet eine\u00a0best\u00e4ndige und dauerhafte Anstrengung aller und jedes Einzelnen.<\/p>\n<p>Weitere Informationen zum Thema finden Sie auf der <a class=\"ql-link\" href=\"https:\/\/www.regnumchristi.eu\/de\/ueber-uns\/kinder-und-jugendschutz\" target=\"_blank\" rel=\"noopener noreferrer\">Webseite\u00a0des Regnum Christi<\/a><span data-void-detect=\"true\">.\u00a0<\/span><br \/>\nDie vollst\u00e4ndigen Texte der Rahmenordnungen lesen Sie\u00a0auf der<br \/>\n&#8211;\u00a0<a class=\"ql-link\" href=\"https:\/\/www.orden.de\/fileadmin\/user_upload\/Leitlinien_-_Neufassung_DOK_MV_2014.pdf\" target=\"_blank\" rel=\"noopener noreferrer\">Webseite der Deutschen Bischofskonferenz<\/a><span data-void-detect=\"true\">\u00a0(auch als PDF zum Herunterladen)<br \/>\n<\/span>&#8211;\u00a0<a class=\"ql-link\" href=\"https:\/\/www.orden.de\/aktuelles\/themen\/sexueller-missbrauch\/\" target=\"_blank\" rel=\"noopener noreferrer\">Webseite der Ordensgemeinschaften in Deutschland<\/a><span data-void-detect=\"true\">,<br \/>\n<\/span>&#8211;\u00a0<a class=\"ql-link\" href=\"https:\/\/www.bischofskonferenz.at\/behelfehandreichungen\/rahmenordnung-gegen-missbrauch-stand-september-2016\" target=\"_blank\" rel=\"noopener noreferrer\">Webseite der \u00d6sterreichischen Bischofskonferenz<\/a><span data-void-detect=\"true\">\u00a0(auch als PDF zum Herunterladen).\u00a0<\/span><\/p>\n<p>Externe Ansprechperson f\u00fcr Verdachtsf\u00e4lle und F\u00e4lle von sexuellem Missbrauch<br \/>\nBei Verdachtsf\u00e4llen von Kindeswohlgef\u00e4hrdung und speziell von sexueller Gewalt wenden Sie sich bitte umgehend an die externe Ansprechperson f\u00fcr das Regnum Christi und die Legion\u00e4re\u00a0Christi in Deutschland und \u00d6sterreich:<\/p>\n<p>Ansgar Kesting<br \/>\nErna-Scheffler-Stra\u00dfe 2<br \/>\n51103 K\u00f6ln<br \/>\nE-Mail: <a href=\"ansgar.kesting@malteser.org\">ansgar.kesting@malteser.org<\/a><br \/>\nTelefon: +49 (0) 15162443266<\/p>\n<p><strong>Die Legion\u00e4re Christi und das Regnum Christi verurteilen jegliche Form von Missbrauch und Gewalt und gehen entschieden dagegen vor.<\/strong><\/p>\n<\/div>\n<\/div><div class=\"fusion-clearfix\"><\/div><\/div><\/div><\/div><\/div><\/div>\n","protected":false},"excerpt":{"rendered":"","protected":false},"author":2,"featured_media":0,"parent":0,"menu_order":0,"comment_status":"closed","ping_status":"closed","template":"","meta":{"footnotes":""},"class_list":["post-2389","page","type-page","status-publish","hentry"],"yoast_head":"<!-- This site is optimized with the Yoast SEO plugin v27.4 - https:\/\/yoast.com\/product\/yoast-seo-wordpress\/ -->\n<title>Jugendschutz - NET<\/title>\n<meta name=\"robots\" content=\"index, follow, max-snippet:-1, max-image-preview:large, max-video-preview:-1\" \/>\n<link rel=\"canonical\" href=\"https:\/\/www.regnumchristi.eu\/net\/jugendschutz\/\" \/>\n<meta property=\"og:locale\" content=\"de_DE\" \/>\n<meta property=\"og:type\" content=\"article\" \/>\n<meta property=\"og:title\" content=\"Jugendschutz - NET\" \/>\n<meta property=\"og:url\" content=\"https:\/\/www.regnumchristi.eu\/net\/jugendschutz\/\" \/>\n<meta property=\"og:site_name\" content=\"NET\" \/>\n<meta name=\"twitter:card\" content=\"summary_large_image\" \/>\n<meta name=\"twitter:label1\" content=\"Gesch\u00e4tzte Lesezeit\" \/>\n\t<meta name=\"twitter:data1\" content=\"4\u00a0Minuten\" \/>\n<script type=\"application\/ld+json\" class=\"yoast-schema-graph\">{\"@context\":\"https:\\\/\\\/schema.org\",\"@graph\":[{\"@type\":\"WebPage\",\"@id\":\"https:\\\/\\\/www.regnumchristi.eu\\\/net\\\/jugendschutz\\\/\",\"url\":\"https:\\\/\\\/www.regnumchristi.eu\\\/net\\\/jugendschutz\\\/\",\"name\":\"Jugendschutz - NET\",\"isPartOf\":{\"@id\":\"https:\\\/\\\/www.regnumchristi.eu\\\/net\\\/#website\"},\"datePublished\":\"2022-02-01T09:19:38+00:00\",\"breadcrumb\":{\"@id\":\"https:\\\/\\\/www.regnumchristi.eu\\\/net\\\/jugendschutz\\\/#breadcrumb\"},\"inLanguage\":\"de\",\"potentialAction\":[{\"@type\":\"ReadAction\",\"target\":[\"https:\\\/\\\/www.regnumchristi.eu\\\/net\\\/jugendschutz\\\/\"]}]},{\"@type\":\"BreadcrumbList\",\"@id\":\"https:\\\/\\\/www.regnumchristi.eu\\\/net\\\/jugendschutz\\\/#breadcrumb\",\"itemListElement\":[{\"@type\":\"ListItem\",\"position\":1,\"name\":\"Startseite\",\"item\":\"https:\\\/\\\/www.regnumchristi.eu\\\/net\\\/\"},{\"@type\":\"ListItem\",\"position\":2,\"name\":\"Jugendschutz\"}]},{\"@type\":\"WebSite\",\"@id\":\"https:\\\/\\\/www.regnumchristi.eu\\\/net\\\/#website\",\"url\":\"https:\\\/\\\/www.regnumchristi.eu\\\/net\\\/\",\"name\":\"NET\",\"description\":\"Damit Familien Freude am Glauben erleben\",\"publisher\":{\"@id\":\"https:\\\/\\\/www.regnumchristi.eu\\\/net\\\/#organization\"},\"potentialAction\":[{\"@type\":\"SearchAction\",\"target\":{\"@type\":\"EntryPoint\",\"urlTemplate\":\"https:\\\/\\\/www.regnumchristi.eu\\\/net\\\/?s={search_term_string}\"},\"query-input\":{\"@type\":\"PropertyValueSpecification\",\"valueRequired\":true,\"valueName\":\"search_term_string\"}}],\"inLanguage\":\"de\"},{\"@type\":\"Organization\",\"@id\":\"https:\\\/\\\/www.regnumchristi.eu\\\/net\\\/#organization\",\"name\":\"Regnum Christi F\u00f6deration\",\"url\":\"https:\\\/\\\/www.regnumchristi.eu\\\/net\\\/\",\"logo\":{\"@type\":\"ImageObject\",\"inLanguage\":\"de\",\"@id\":\"https:\\\/\\\/www.regnumchristi.eu\\\/net\\\/#\\\/schema\\\/logo\\\/image\\\/\",\"url\":\"https:\\\/\\\/www.regnumchristi.eu\\\/net\\\/wp-content\\\/uploads\\\/2020\\\/10\\\/Net-Familien-Logo-copy.png\",\"contentUrl\":\"https:\\\/\\\/www.regnumchristi.eu\\\/net\\\/wp-content\\\/uploads\\\/2020\\\/10\\\/Net-Familien-Logo-copy.png\",\"width\":150,\"height\":150,\"caption\":\"Regnum Christi F\u00f6deration\"},\"image\":{\"@id\":\"https:\\\/\\\/www.regnumchristi.eu\\\/net\\\/#\\\/schema\\\/logo\\\/image\\\/\"}}]}<\/script>\n<!-- \/ Yoast SEO plugin. -->","yoast_head_json":{"title":"Jugendschutz - NET","robots":{"index":"index","follow":"follow","max-snippet":"max-snippet:-1","max-image-preview":"max-image-preview:large","max-video-preview":"max-video-preview:-1"},"canonical":"https:\/\/www.regnumchristi.eu\/net\/jugendschutz\/","og_locale":"de_DE","og_type":"article","og_title":"Jugendschutz - NET","og_url":"https:\/\/www.regnumchristi.eu\/net\/jugendschutz\/","og_site_name":"NET","twitter_card":"summary_large_image","twitter_misc":{"Gesch\u00e4tzte Lesezeit":"4\u00a0Minuten"},"schema":{"@context":"https:\/\/schema.org","@graph":[{"@type":"WebPage","@id":"https:\/\/www.regnumchristi.eu\/net\/jugendschutz\/","url":"https:\/\/www.regnumchristi.eu\/net\/jugendschutz\/","name":"Jugendschutz - NET","isPartOf":{"@id":"https:\/\/www.regnumchristi.eu\/net\/#website"},"datePublished":"2022-02-01T09:19:38+00:00","breadcrumb":{"@id":"https:\/\/www.regnumchristi.eu\/net\/jugendschutz\/#breadcrumb"},"inLanguage":"de","potentialAction":[{"@type":"ReadAction","target":["https:\/\/www.regnumchristi.eu\/net\/jugendschutz\/"]}]},{"@type":"BreadcrumbList","@id":"https:\/\/www.regnumchristi.eu\/net\/jugendschutz\/#breadcrumb","itemListElement":[{"@type":"ListItem","position":1,"name":"Startseite","item":"https:\/\/www.regnumchristi.eu\/net\/"},{"@type":"ListItem","position":2,"name":"Jugendschutz"}]},{"@type":"WebSite","@id":"https:\/\/www.regnumchristi.eu\/net\/#website","url":"https:\/\/www.regnumchristi.eu\/net\/","name":"NET","description":"Damit Familien Freude am Glauben erleben","publisher":{"@id":"https:\/\/www.regnumchristi.eu\/net\/#organization"},"potentialAction":[{"@type":"SearchAction","target":{"@type":"EntryPoint","urlTemplate":"https:\/\/www.regnumchristi.eu\/net\/?s={search_term_string}"},"query-input":{"@type":"PropertyValueSpecification","valueRequired":true,"valueName":"search_term_string"}}],"inLanguage":"de"},{"@type":"Organization","@id":"https:\/\/www.regnumchristi.eu\/net\/#organization","name":"Regnum Christi F\u00f6deration","url":"https:\/\/www.regnumchristi.eu\/net\/","logo":{"@type":"ImageObject","inLanguage":"de","@id":"https:\/\/www.regnumchristi.eu\/net\/#\/schema\/logo\/image\/","url":"https:\/\/www.regnumchristi.eu\/net\/wp-content\/uploads\/2020\/10\/Net-Familien-Logo-copy.png","contentUrl":"https:\/\/www.regnumchristi.eu\/net\/wp-content\/uploads\/2020\/10\/Net-Familien-Logo-copy.png","width":150,"height":150,"caption":"Regnum Christi F\u00f6deration"},"image":{"@id":"https:\/\/www.regnumchristi.eu\/net\/#\/schema\/logo\/image\/"}}]}},"_links":{"self":[{"href":"https:\/\/www.regnumchristi.eu\/net\/wp-json\/wp\/v2\/pages\/2389","targetHints":{"allow":["GET"]}}],"collection":[{"href":"https:\/\/www.regnumchristi.eu\/net\/wp-json\/wp\/v2\/pages"}],"about":[{"href":"https:\/\/www.regnumchristi.eu\/net\/wp-json\/wp\/v2\/types\/page"}],"author":[{"embeddable":true,"href":"https:\/\/www.regnumchristi.eu\/net\/wp-json\/wp\/v2\/users\/2"}],"replies":[{"embeddable":true,"href":"https:\/\/www.regnumchristi.eu\/net\/wp-json\/wp\/v2\/comments?post=2389"}],"version-history":[{"count":0,"href":"https:\/\/www.regnumchristi.eu\/net\/wp-json\/wp\/v2\/pages\/2389\/revisions"}],"wp:attachment":[{"href":"https:\/\/www.regnumchristi.eu\/net\/wp-json\/wp\/v2\/media?parent=2389"}],"curies":[{"name":"wp","href":"https:\/\/api.w.org\/{rel}","templated":true}]}}