{"id":2223,"date":"2021-05-06T16:34:42","date_gmt":"2021-05-06T14:34:42","guid":{"rendered":"https:\/\/www.net-familie.org\/?page_id=2223"},"modified":"2024-04-09T12:27:47","modified_gmt":"2024-04-09T10:27:47","slug":"impressum","status":"publish","type":"page","link":"https:\/\/www.regnumchristi.eu\/net\/impressum\/","title":{"rendered":"Impressum"},"content":{"rendered":"<div class=\"WordSection1\">\n<div><strong>NET\u00a0<\/strong><strong>ist eine Initiative des RCI e.V.<\/strong><\/div>\n<h3 class=\"fusion-responsive-typography-calculated\" data-fontsize=\"20\" data-lineheight=\"40px\"><strong>Verantwortlich im Sinne des \u00a75 des deutschen TMG (D)<\/strong><br \/>\n<strong>Offenlegung nach \u00a7 25 Mediengesetz \u00a0(A)<\/strong><\/h3>\n<h4 class=\"fusion-responsive-typography-calculated\" data-fontsize=\"18\" data-lineheight=\"19px\"><strong>Medieninhaber und Herausgeber<\/strong><\/h4>\n<p>Regnum-Christi-Initiativen e.V.<br \/>\nJustinianstra\u00dfe 16<br \/>\nD-50679 K\u00f6ln-Deutz<br \/>\ninfo.de(at)legionaries.org<\/p>\n<p><strong>Gesetzliche Vertretung durch den Vorstand:<\/strong><\/p>\n<p>P. Valentin G\u00f6gele LC<br \/>\nP. Mariano Ballestrem LC<\/p>\n<p><strong>Registereintrag:<\/strong><\/p>\n<p>Vereinsregister beim Amtsgericht K\u00f6ln<br \/>\nRegisternummer VR 21224<\/p>\n<p><strong>Steuernummern:<\/strong><\/p>\n<p>UID DE814146075<\/p>\n<p><strong>Verantwortlich f\u00fcr den Inhalt:<\/strong><\/p>\n<p>Karl-Olaf Bergmann<br \/>\nKommunikation und \u00d6ffentlichkeitsarbeit<\/p>\n<p>Mobil: +49 (0)172 8449937<br \/>\nE-Mail: kobergmann(at)arcol.org<\/p>\n<p>Justinianstr. 16<br \/>\n50679 K\u00f6ln<\/p>\n<p>Regnum-Christi-Initiativen e.V. und Legion\u00e4re Christi e.V., vertr. d. P. Valentin G\u00f6gele LC und P. Mariano Ballestrem LG, sind beides Vereine der Kongregation der Legion\u00e4re Christi in Deutschland.<\/p>\n<\/div>\n<h3 class=\"fusion-responsive-typography-calculated\" data-fontsize=\"20\" data-lineheight=\"40px\">Design &amp; Technische Umsetzung<a href=\"mailto:office@spotstone-united.com\"><br \/>\n<\/a><\/h3>\n<p><a href=\"https:\/\/www.spotstone.agency\/\" target=\"_blank\" rel=\"noopener\"><img decoding=\"async\" class=\"alignnone wp-image-2224 size-full\" src=\"https:\/\/www.regnumchristi.eu\/net\/wp-content\/uploads\/2021\/05\/Spotstone-Agenvcy-Color.png\" alt=\"\" width=\"145\" height=\"90\" \/><\/a><\/p>\n<h3 class=\"fusion-responsive-typography-calculated\" data-fontsize=\"20\" data-lineheight=\"40px\"><strong>Fotos<\/strong><\/h3>\n<p>\u00a9 AdobeStock, Fotolia, Pixabay, privat<\/p>\n","protected":false},"excerpt":{"rendered":"<p>NET\u00a0ist eine Initiative des RCI e.V. Verantwortlich im Sinne des \u00a75 des deutschen TMG (D) Offenlegung nach \u00a7 25 Mediengesetz [&hellip;]<\/p>\n","protected":false},"author":2,"featured_media":0,"parent":0,"menu_order":0,"comment_status":"closed","ping_status":"closed","template":"","meta":{"footnotes":""},"class_list":["post-2223","page","type-page","status-publish","hentry"],"yoast_head":"<!-- This site is optimized with the Yoast SEO plugin v27.4 - https:\/\/yoast.com\/product\/yoast-seo-wordpress\/ -->\n<title>Impressum - NET<\/title>\n<meta name=\"robots\" content=\"index, follow, max-snippet:-1, max-image-preview:large, max-video-preview:-1\" \/>\n<link rel=\"canonical\" href=\"https:\/\/www.regnumchristi.eu\/net\/impressum\/\" \/>\n<meta property=\"og:locale\" content=\"de_DE\" \/>\n<meta property=\"og:type\" content=\"article\" \/>\n<meta property=\"og:title\" content=\"Impressum - NET\" \/>\n<meta property=\"og:description\" content=\"NET\u00a0ist eine Initiative des RCI e.V. Verantwortlich im Sinne des \u00a75 des deutschen TMG (D) Offenlegung nach \u00a7 25 Mediengesetz [&hellip;]\" \/>\n<meta property=\"og:url\" content=\"https:\/\/www.regnumchristi.eu\/net\/impressum\/\" \/>\n<meta property=\"og:site_name\" content=\"NET\" \/>\n<meta property=\"article:modified_time\" content=\"2024-04-09T10:27:47+00:00\" \/>\n<meta property=\"og:image\" content=\"https:\/\/www.regnumchristi.eu\/net\/wp-content\/uploads\/2021\/05\/Spotstone-Agenvcy-Color.png\" \/>\n<meta name=\"twitter:card\" content=\"summary_large_image\" \/>\n<meta name=\"twitter:label1\" content=\"Gesch\u00e4tzte Lesezeit\" \/>\n\t<meta name=\"twitter:data1\" content=\"1\u00a0Minute\" \/>\n<script type=\"application\/ld+json\" class=\"yoast-schema-graph\">{\"@context\":\"https:\\\/\\\/schema.org\",\"@graph\":[{\"@type\":\"WebPage\",\"@id\":\"https:\\\/\\\/www.regnumchristi.eu\\\/net\\\/impressum\\\/\",\"url\":\"https:\\\/\\\/www.regnumchristi.eu\\\/net\\\/impressum\\\/\",\"name\":\"Impressum - NET\",\"isPartOf\":{\"@id\":\"https:\\\/\\\/www.regnumchristi.eu\\\/net\\\/#website\"},\"primaryImageOfPage\":{\"@id\":\"https:\\\/\\\/www.regnumchristi.eu\\\/net\\\/impressum\\\/#primaryimage\"},\"image\":{\"@id\":\"https:\\\/\\\/www.regnumchristi.eu\\\/net\\\/impressum\\\/#primaryimage\"},\"thumbnailUrl\":\"https:\\\/\\\/www.regnumchristi.eu\\\/net\\\/wp-content\\\/uploads\\\/2021\\\/05\\\/Spotstone-Agenvcy-Color.png\",\"datePublished\":\"2021-05-06T14:34:42+00:00\",\"dateModified\":\"2024-04-09T10:27:47+00:00\",\"breadcrumb\":{\"@id\":\"https:\\\/\\\/www.regnumchristi.eu\\\/net\\\/impressum\\\/#breadcrumb\"},\"inLanguage\":\"de\",\"potentialAction\":[{\"@type\":\"ReadAction\",\"target\":[\"https:\\\/\\\/www.regnumchristi.eu\\\/net\\\/impressum\\\/\"]}]},{\"@type\":\"ImageObject\",\"inLanguage\":\"de\",\"@id\":\"https:\\\/\\\/www.regnumchristi.eu\\\/net\\\/impressum\\\/#primaryimage\",\"url\":\"https:\\\/\\\/www.regnumchristi.eu\\\/net\\\/wp-content\\\/uploads\\\/2021\\\/05\\\/Spotstone-Agenvcy-Color.png\",\"contentUrl\":\"https:\\\/\\\/www.regnumchristi.eu\\\/net\\\/wp-content\\\/uploads\\\/2021\\\/05\\\/Spotstone-Agenvcy-Color.png\",\"width\":145,\"height\":90},{\"@type\":\"BreadcrumbList\",\"@id\":\"https:\\\/\\\/www.regnumchristi.eu\\\/net\\\/impressum\\\/#breadcrumb\",\"itemListElement\":[{\"@type\":\"ListItem\",\"position\":1,\"name\":\"Startseite\",\"item\":\"https:\\\/\\\/www.regnumchristi.eu\\\/net\\\/\"},{\"@type\":\"ListItem\",\"position\":2,\"name\":\"Impressum\"}]},{\"@type\":\"WebSite\",\"@id\":\"https:\\\/\\\/www.regnumchristi.eu\\\/net\\\/#website\",\"url\":\"https:\\\/\\\/www.regnumchristi.eu\\\/net\\\/\",\"name\":\"NET\",\"description\":\"Damit Familien Freude am Glauben erleben\",\"publisher\":{\"@id\":\"https:\\\/\\\/www.regnumchristi.eu\\\/net\\\/#organization\"},\"potentialAction\":[{\"@type\":\"SearchAction\",\"target\":{\"@type\":\"EntryPoint\",\"urlTemplate\":\"https:\\\/\\\/www.regnumchristi.eu\\\/net\\\/?s={search_term_string}\"},\"query-input\":{\"@type\":\"PropertyValueSpecification\",\"valueRequired\":true,\"valueName\":\"search_term_string\"}}],\"inLanguage\":\"de\"},{\"@type\":\"Organization\",\"@id\":\"https:\\\/\\\/www.regnumchristi.eu\\\/net\\\/#organization\",\"name\":\"Regnum Christi F\u00f6deration\",\"url\":\"https:\\\/\\\/www.regnumchristi.eu\\\/net\\\/\",\"logo\":{\"@type\":\"ImageObject\",\"inLanguage\":\"de\",\"@id\":\"https:\\\/\\\/www.regnumchristi.eu\\\/net\\\/#\\\/schema\\\/logo\\\/image\\\/\",\"url\":\"https:\\\/\\\/www.regnumchristi.eu\\\/net\\\/wp-content\\\/uploads\\\/2020\\\/10\\\/Net-Familien-Logo-copy.png\",\"contentUrl\":\"https:\\\/\\\/www.regnumchristi.eu\\\/net\\\/wp-content\\\/uploads\\\/2020\\\/10\\\/Net-Familien-Logo-copy.png\",\"width\":150,\"height\":150,\"caption\":\"Regnum Christi F\u00f6deration\"},\"image\":{\"@id\":\"https:\\\/\\\/www.regnumchristi.eu\\\/net\\\/#\\\/schema\\\/logo\\\/image\\\/\"}}]}<\/script>\n<!-- \/ Yoast SEO plugin. -->","yoast_head_json":{"title":"Impressum - NET","robots":{"index":"index","follow":"follow","max-snippet":"max-snippet:-1","max-image-preview":"max-image-preview:large","max-video-preview":"max-video-preview:-1"},"canonical":"https:\/\/www.regnumchristi.eu\/net\/impressum\/","og_locale":"de_DE","og_type":"article","og_title":"Impressum - NET","og_description":"NET\u00a0ist eine Initiative des RCI e.V. Verantwortlich im Sinne des \u00a75 des deutschen TMG (D) Offenlegung nach \u00a7 25 Mediengesetz [&hellip;]","og_url":"https:\/\/www.regnumchristi.eu\/net\/impressum\/","og_site_name":"NET","article_modified_time":"2024-04-09T10:27:47+00:00","og_image":[{"url":"https:\/\/www.regnumchristi.eu\/net\/wp-content\/uploads\/2021\/05\/Spotstone-Agenvcy-Color.png","type":"","width":"","height":""}],"twitter_card":"summary_large_image","twitter_misc":{"Gesch\u00e4tzte Lesezeit":"1\u00a0Minute"},"schema":{"@context":"https:\/\/schema.org","@graph":[{"@type":"WebPage","@id":"https:\/\/www.regnumchristi.eu\/net\/impressum\/","url":"https:\/\/www.regnumchristi.eu\/net\/impressum\/","name":"Impressum - NET","isPartOf":{"@id":"https:\/\/www.regnumchristi.eu\/net\/#website"},"primaryImageOfPage":{"@id":"https:\/\/www.regnumchristi.eu\/net\/impressum\/#primaryimage"},"image":{"@id":"https:\/\/www.regnumchristi.eu\/net\/impressum\/#primaryimage"},"thumbnailUrl":"https:\/\/www.regnumchristi.eu\/net\/wp-content\/uploads\/2021\/05\/Spotstone-Agenvcy-Color.png","datePublished":"2021-05-06T14:34:42+00:00","dateModified":"2024-04-09T10:27:47+00:00","breadcrumb":{"@id":"https:\/\/www.regnumchristi.eu\/net\/impressum\/#breadcrumb"},"inLanguage":"de","potentialAction":[{"@type":"ReadAction","target":["https:\/\/www.regnumchristi.eu\/net\/impressum\/"]}]},{"@type":"ImageObject","inLanguage":"de","@id":"https:\/\/www.regnumchristi.eu\/net\/impressum\/#primaryimage","url":"https:\/\/www.regnumchristi.eu\/net\/wp-content\/uploads\/2021\/05\/Spotstone-Agenvcy-Color.png","contentUrl":"https:\/\/www.regnumchristi.eu\/net\/wp-content\/uploads\/2021\/05\/Spotstone-Agenvcy-Color.png","width":145,"height":90},{"@type":"BreadcrumbList","@id":"https:\/\/www.regnumchristi.eu\/net\/impressum\/#breadcrumb","itemListElement":[{"@type":"ListItem","position":1,"name":"Startseite","item":"https:\/\/www.regnumchristi.eu\/net\/"},{"@type":"ListItem","position":2,"name":"Impressum"}]},{"@type":"WebSite","@id":"https:\/\/www.regnumchristi.eu\/net\/#website","url":"https:\/\/www.regnumchristi.eu\/net\/","name":"NET","description":"Damit Familien Freude am Glauben erleben","publisher":{"@id":"https:\/\/www.regnumchristi.eu\/net\/#organization"},"potentialAction":[{"@type":"SearchAction","target":{"@type":"EntryPoint","urlTemplate":"https:\/\/www.regnumchristi.eu\/net\/?s={search_term_string}"},"query-input":{"@type":"PropertyValueSpecification","valueRequired":true,"valueName":"search_term_string"}}],"inLanguage":"de"},{"@type":"Organization","@id":"https:\/\/www.regnumchristi.eu\/net\/#organization","name":"Regnum Christi F\u00f6deration","url":"https:\/\/www.regnumchristi.eu\/net\/","logo":{"@type":"ImageObject","inLanguage":"de","@id":"https:\/\/www.regnumchristi.eu\/net\/#\/schema\/logo\/image\/","url":"https:\/\/www.regnumchristi.eu\/net\/wp-content\/uploads\/2020\/10\/Net-Familien-Logo-copy.png","contentUrl":"https:\/\/www.regnumchristi.eu\/net\/wp-content\/uploads\/2020\/10\/Net-Familien-Logo-copy.png","width":150,"height":150,"caption":"Regnum Christi F\u00f6deration"},"image":{"@id":"https:\/\/www.regnumchristi.eu\/net\/#\/schema\/logo\/image\/"}}]}},"_links":{"self":[{"href":"https:\/\/www.regnumchristi.eu\/net\/wp-json\/wp\/v2\/pages\/2223","targetHints":{"allow":["GET"]}}],"collection":[{"href":"https:\/\/www.regnumchristi.eu\/net\/wp-json\/wp\/v2\/pages"}],"about":[{"href":"https:\/\/www.regnumchristi.eu\/net\/wp-json\/wp\/v2\/types\/page"}],"author":[{"embeddable":true,"href":"https:\/\/www.regnumchristi.eu\/net\/wp-json\/wp\/v2\/users\/2"}],"replies":[{"embeddable":true,"href":"https:\/\/www.regnumchristi.eu\/net\/wp-json\/wp\/v2\/comments?post=2223"}],"version-history":[{"count":7,"href":"https:\/\/www.regnumchristi.eu\/net\/wp-json\/wp\/v2\/pages\/2223\/revisions"}],"predecessor-version":[{"id":3622,"href":"https:\/\/www.regnumchristi.eu\/net\/wp-json\/wp\/v2\/pages\/2223\/revisions\/3622"}],"wp:attachment":[{"href":"https:\/\/www.regnumchristi.eu\/net\/wp-json\/wp\/v2\/media?parent=2223"}],"curies":[{"name":"wp","href":"https:\/\/api.w.org\/{rel}","templated":true}]}}