{"id":214,"date":"2022-09-26T12:57:06","date_gmt":"2022-09-26T10:57:06","guid":{"rendered":"https:\/\/www.regnumchristi.eu\/messintentionen\/?page_id=214"},"modified":"2023-05-22T12:44:21","modified_gmt":"2023-05-22T10:44:21","slug":"kontakt","status":"publish","type":"page","link":"https:\/\/www.regnumchristi.eu\/messintentionen\/kontakt\/","title":{"rendered":"Kontakt"},"content":{"rendered":"\t\t<div data-elementor-type=\"wp-page\" data-elementor-id=\"214\" class=\"elementor elementor-214\" data-elementor-post-type=\"page\">\n\t\t\t\t<div class=\"elementor-element elementor-element-bfe5149 e-con-full e-flex e-con e-parent\" data-id=\"bfe5149\" data-element_type=\"container\">\n\t\t\t\t<div class=\"elementor-element elementor-element-d8551d6 elementor-widget__width-inherit elementor-widget elementor-widget-heading\" data-id=\"d8551d6\" data-element_type=\"widget\" data-widget_type=\"heading.default\">\n\t\t\t\t<div class=\"elementor-widget-container\">\n\t\t\t\t\t<h1 class=\"elementor-heading-title elementor-size-default\">Kontaktinformation<\/h1>\t\t\t\t<\/div>\n\t\t\t\t<\/div>\n\t\t\t\t<div class=\"elementor-element elementor-element-dffd1d8 elementor-widget elementor-widget-text-editor\" data-id=\"dffd1d8\" data-element_type=\"widget\" data-widget_type=\"text-editor.default\">\n\t\t\t\t<div class=\"elementor-widget-container\">\n\t\t\t\t\t\t\t\t\t<p>Schreiben Sie uns eine E-Mail-Nachricht an: messen(at)regnumchristi.eu oder f\u00fcllen Sie das folgende Kontaktformular aus.<\/p><h6>* verpflichtende Angaben<\/h6>\t\t\t\t\t\t\t\t<\/div>\n\t\t\t\t<\/div>\n\t\t\t\t<div class=\"elementor-element elementor-element-0cc5130 elementor-button-align-center elementor-widget__width-inherit elementor-widget elementor-widget-form\" data-id=\"0cc5130\" data-element_type=\"widget\" data-settings=\"{&quot;step_next_label&quot;:&quot;Next&quot;,&quot;step_previous_label&quot;:&quot;Previous&quot;,&quot;button_width&quot;:&quot;100&quot;,&quot;step_type&quot;:&quot;number_text&quot;,&quot;step_icon_shape&quot;:&quot;circle&quot;}\" data-widget_type=\"form.default\">\n\t\t\t\t<div class=\"elementor-widget-container\">\n\t\t\t\t\t\t\t<form class=\"elementor-form\" method=\"post\" name=\"Form-R\u00fcckrufservice\">\n\t\t\t<input type=\"hidden\" name=\"post_id\" value=\"214\"\/>\n\t\t\t<input type=\"hidden\" name=\"form_id\" value=\"0cc5130\"\/>\n\t\t\t<input type=\"hidden\" name=\"referer_title\" value=\"\" \/>\n\n\t\t\t\n\t\t\t<div class=\"elementor-form-fields-wrapper elementor-labels-above\">\n\t\t\t\t\t\t\t\t<div class=\"elementor-field-type-select elementor-field-group elementor-column elementor-field-group-name elementor-col-20\">\n\t\t\t\t\t\t\t\t\t\t\t\t<label for=\"form-field-name\" class=\"elementor-field-label\">\n\t\t\t\t\t\t\t\tAnrede\t\t\t\t\t\t\t<\/label>\n\t\t\t\t\t\t\t\t<div class=\"elementor-field elementor-select-wrapper remove-before \">\n\t\t\t<div class=\"select-caret-down-wrapper\">\n\t\t\t\t<i aria-hidden=\"true\" class=\"eicon-caret-down\"><\/i>\t\t\t<\/div>\n\t\t\t<select name=\"form_fields[name]\" id=\"form-field-name\" class=\"elementor-field-textual elementor-size-sm\">\n\t\t\t\t\t\t\t\t\t<option value=\"[Anrede w\u00e4hlen]\">[Anrede w\u00e4hlen]<\/option>\n\t\t\t\t\t\t\t\t\t<option value=\"Herr\">Herr<\/option>\n\t\t\t\t\t\t\t\t\t<option value=\"Frau\">Frau<\/option>\n\t\t\t\t\t\t\t<\/select>\n\t\t<\/div>\n\t\t\t\t\t\t<\/div>\n\t\t\t\t\t\t\t\t<div class=\"elementor-field-type-text elementor-field-group elementor-column elementor-field-group-field_350c255 elementor-col-40 elementor-field-required\">\n\t\t\t\t\t\t\t\t\t\t\t\t<label for=\"form-field-field_350c255\" class=\"elementor-field-label\">\n\t\t\t\t\t\t\t\tVorname*\t\t\t\t\t\t\t<\/label>\n\t\t\t\t\t\t\t\t\t\t\t\t\t\t<input size=\"1\" type=\"text\" name=\"form_fields[field_350c255]\" id=\"form-field-field_350c255\" class=\"elementor-field elementor-size-sm  elementor-field-textual\" placeholder=\"Max\" required=\"required\">\n\t\t\t\t\t\t\t\t\t\t\t<\/div>\n\t\t\t\t\t\t\t\t<div class=\"elementor-field-type-text elementor-field-group elementor-column elementor-field-group-field_616f3ae elementor-col-40 elementor-field-required\">\n\t\t\t\t\t\t\t\t\t\t\t\t<label for=\"form-field-field_616f3ae\" class=\"elementor-field-label\">\n\t\t\t\t\t\t\t\tFamilienname*\t\t\t\t\t\t\t<\/label>\n\t\t\t\t\t\t\t\t\t\t\t\t\t\t<input size=\"1\" type=\"text\" name=\"form_fields[field_616f3ae]\" id=\"form-field-field_616f3ae\" class=\"elementor-field elementor-size-sm  elementor-field-textual\" placeholder=\"Mustermann\" required=\"required\">\n\t\t\t\t\t\t\t\t\t\t\t<\/div>\n\t\t\t\t\t\t\t\t<div class=\"elementor-field-type-email elementor-field-group elementor-column elementor-field-group-email elementor-col-50 elementor-field-required\">\n\t\t\t\t\t\t\t\t\t\t\t\t<label for=\"form-field-email\" class=\"elementor-field-label\">\n\t\t\t\t\t\t\t\tE-Mail*\t\t\t\t\t\t\t<\/label>\n\t\t\t\t\t\t\t\t\t\t\t\t\t\t<input size=\"1\" type=\"email\" name=\"form_fields[email]\" id=\"form-field-email\" class=\"elementor-field elementor-size-sm  elementor-field-textual\" placeholder=\"max@mustermann.de\" required=\"required\">\n\t\t\t\t\t\t\t\t\t\t\t<\/div>\n\t\t\t\t\t\t\t\t<div class=\"elementor-field-type-text elementor-field-group elementor-column elementor-field-group-field_4362c87 elementor-col-50\">\n\t\t\t\t\t\t\t\t\t\t\t\t<label for=\"form-field-field_4362c87\" class=\"elementor-field-label\">\n\t\t\t\t\t\t\t\tTelefonnummer\t\t\t\t\t\t\t<\/label>\n\t\t\t\t\t\t\t\t\t\t\t\t\t\t<input size=\"1\" type=\"text\" name=\"form_fields[field_4362c87]\" id=\"form-field-field_4362c87\" class=\"elementor-field elementor-size-sm  elementor-field-textual\" placeholder=\"+49 123 456789\">\n\t\t\t\t\t\t\t\t\t\t\t<\/div>\n\t\t\t\t\t\t\t\t<div class=\"elementor-field-type-textarea elementor-field-group elementor-column elementor-field-group-field_4caf2d3 elementor-col-100\">\n\t\t\t\t\t\t\t\t\t\t\t\t<label for=\"form-field-field_4caf2d3\" class=\"elementor-field-label\">\n\t\t\t\t\t\t\t\tIhre Nachricht\t\t\t\t\t\t\t<\/label>\n\t\t\t\t\t\t<textarea class=\"elementor-field-textual elementor-field  elementor-size-sm\" name=\"form_fields[field_4caf2d3]\" id=\"form-field-field_4caf2d3\" rows=\"4\" placeholder=\"Bitte um eine Nachricht!\"><\/textarea>\t\t\t\t<\/div>\n\t\t\t\t\t\t\t\t<div class=\"elementor-field-type-text\">\n\t\t\t\t\t<input size=\"1\" type=\"text\" name=\"form_fields[field_7723927]\" id=\"form-field-field_7723927\" class=\"elementor-field elementor-size-sm \" style=\"display:none !important;\">\t\t\t\t<\/div>\n\t\t\t\t\t\t\t\t<div class=\"elementor-field-group elementor-column elementor-field-type-submit elementor-col-100 e-form__buttons\">\n\t\t\t\t\t<button class=\"elementor-button elementor-size-sm\" type=\"submit\">\n\t\t\t\t\t\t<span class=\"elementor-button-content-wrapper\">\n\t\t\t\t\t\t\t\t\t\t\t\t\t\t\t\t\t\t\t\t\t\t<span class=\"elementor-button-text\">Absenden<\/span>\n\t\t\t\t\t\t\t\t\t\t\t\t\t<\/span>\n\t\t\t\t\t<\/button>\n\t\t\t\t<\/div>\n\t\t\t<\/div>\n\t\t<\/form>\n\t\t\t\t\t\t<\/div>\n\t\t\t\t<\/div>\n\t\t\t\t<div class=\"elementor-element elementor-element-10b5c63 elementor-widget__width-initial elementor-widget elementor-widget-text-editor\" data-id=\"10b5c63\" data-element_type=\"widget\" data-widget_type=\"text-editor.default\">\n\t\t\t\t<div class=\"elementor-widget-container\">\n\t\t\t\t\t\t\t\t\t<p>&#8222;Der Glaube, der in der Liebe wirksam ist (Gal 5,6), kann f\u00fcr uns zu einem neuen Ma\u00dfstab f\u00fcr unser Denken und Tun werden, das in der Lage ist, das ganze Leben des Menschen zu ver\u00e4ndern.&#8220;<\/p><p>(Benedikt XVI.)<\/p>\t\t\t\t\t\t\t\t<\/div>\n\t\t\t\t<\/div>\n\t\t\t\t<\/div>\n\t\t<div class=\"elementor-element elementor-element-f78a1a0 e-flex e-con-boxed e-con e-parent\" data-id=\"f78a1a0\" data-element_type=\"container\">\n\t\t\t\t\t<div class=\"e-con-inner\">\n\t\t<div class=\"elementor-element elementor-element-5790c58 e-con-full e-flex e-con e-parent\" data-id=\"5790c58\" data-element_type=\"container\">\n\t\t\t\t<div class=\"elementor-element elementor-element-3b877d1 elementor-widget elementor-widget-text-editor\" data-id=\"3b877d1\" data-element_type=\"widget\" data-widget_type=\"text-editor.default\">\n\t\t\t\t<div class=\"elementor-widget-container\">\n\t\t\t\t\t\t\t\t\t<p><strong>Legion\u00e4re Christi e.V. &#8211; Sekretariat<\/strong><\/p><p>Justinianstr. 16 50679 K\u00f6ln<br \/>Tel.: <a href=\"tel:+492218804390\">0221 880 439 0<\/a> Fax: 0221 880 439 99 <br \/>E-Mail: messen(at)regnumchristi.eu<\/p>\t\t\t\t\t\t\t\t<\/div>\n\t\t\t\t<\/div>\n\t\t\t\t<\/div>\n\t\t<div class=\"elementor-element elementor-element-49b54dd e-con-full e-flex e-con e-parent\" data-id=\"49b54dd\" data-element_type=\"container\">\n\t\t\t\t<div class=\"elementor-element elementor-element-f8e179d elementor-widget elementor-widget-text-editor\" data-id=\"f8e179d\" data-element_type=\"widget\" data-widget_type=\"text-editor.default\">\n\t\t\t\t<div class=\"elementor-widget-container\">\n\t\t\t\t\t\t\t\t\t<p><strong>Legion\u00e4re Christi \u00d6sterreich<\/strong><\/p><p>Marxergasse 10\/4 1030 Wien<br \/>Tel.: <a href=\"tel:+431513448838\">01 513 44 88 38<\/a>\u00a0<br \/>E-Mail: messen(at)regnumchristi.eu<\/p>\t\t\t\t\t\t\t\t<\/div>\n\t\t\t\t<\/div>\n\t\t\t\t<\/div>\n\t\t\t\t\t<\/div>\n\t\t\t\t<\/div>\n\t\t\t\t<\/div>\n\t\t","protected":false},"excerpt":{"rendered":"<p>Kontaktinformation Schreiben Sie uns eine E-Mail-Nachricht an: messen(at)regnumchristi.eu oder f\u00fcllen Sie das folgende Kontaktformular aus. * verpflichtende Angaben &#8222;Der Glaube, der in der Liebe wirksam ist (Gal 5,6), kann f\u00fcr uns zu einem neuen Ma\u00dfstab f\u00fcr unser Denken und Tun werden, das in der Lage ist, das ganze Leben des Menschen zu ver\u00e4ndern.&#8220; (Benedikt XVI.) [&hellip;]<\/p>\n","protected":false},"author":2,"featured_media":0,"parent":0,"menu_order":0,"comment_status":"closed","ping_status":"closed","template":"","meta":{"footnotes":""},"class_list":["post-214","page","type-page","status-publish","hentry"],"_links":{"self":[{"href":"https:\/\/www.regnumchristi.eu\/messintentionen\/wp-json\/wp\/v2\/pages\/214","targetHints":{"allow":["GET"]}}],"collection":[{"href":"https:\/\/www.regnumchristi.eu\/messintentionen\/wp-json\/wp\/v2\/pages"}],"about":[{"href":"https:\/\/www.regnumchristi.eu\/messintentionen\/wp-json\/wp\/v2\/types\/page"}],"author":[{"embeddable":true,"href":"https:\/\/www.regnumchristi.eu\/messintentionen\/wp-json\/wp\/v2\/users\/2"}],"replies":[{"embeddable":true,"href":"https:\/\/www.regnumchristi.eu\/messintentionen\/wp-json\/wp\/v2\/comments?post=214"}],"version-history":[{"count":104,"href":"https:\/\/www.regnumchristi.eu\/messintentionen\/wp-json\/wp\/v2\/pages\/214\/revisions"}],"predecessor-version":[{"id":1195,"href":"https:\/\/www.regnumchristi.eu\/messintentionen\/wp-json\/wp\/v2\/pages\/214\/revisions\/1195"}],"wp:attachment":[{"href":"https:\/\/www.regnumchristi.eu\/messintentionen\/wp-json\/wp\/v2\/media?parent=214"}],"curies":[{"name":"wp","href":"https:\/\/api.w.org\/{rel}","templated":true}]}}