{"id":926,"date":"2023-09-28T23:16:36","date_gmt":"2023-09-28T21:16:36","guid":{"rendered":"https:\/\/www.regnumchristi.eu\/ecyd\/?page_id=926"},"modified":"2023-10-24T09:27:24","modified_gmt":"2023-10-24T07:27:24","slug":"spenden","status":"publish","type":"page","link":"https:\/\/www.regnumchristi.eu\/ecyd\/spenden\/","title":{"rendered":"Spenden"},"content":{"rendered":"\n<h2 class=\"wp-block-heading py-5 has-rc-rot-color has-text-color has-x-large-font-size\"><strong>Unterst\u00fctze die Kinder- und Jugendarbeit des ECYD im Rheinland!<\/strong><\/h2>\n\n\n\n<div class=\"wp-block-columns is-layout-flex wp-container-core-columns-is-layout-9d6595d7 wp-block-columns-is-layout-flex\">\n<div class=\"wp-block-column is-layout-flow wp-block-column-is-layout-flow\" style=\"flex-basis:33.33%\">\n<figure class=\"wp-block-image size-full is-style-default\"><img data-dominant-color=\"676c63\" data-has-transparency=\"false\" style=\"--dominant-color: #676c63;\" loading=\"lazy\" decoding=\"async\" width=\"300\" height=\"242\" src=\"https:\/\/www.regnumchristi.eu\/ecyd\/wp-content\/uploads\/2023\/10\/P.-Raphael-und-Bernadette-Ballestrem-jpg.webp\" alt=\"\" class=\"wp-image-1037 not-transparent\"\/><\/figure>\n<\/div>\n\n\n\n<div class=\"wp-block-column is-layout-flow wp-block-column-is-layout-flow\" style=\"flex-basis:66.66%\">\n<p>Nach den Veranstaltungen mit den Kindern und Jugendlichen erhalten wir immer wieder sehr ermutigende R\u00fcckmeldungen von den Eltern:&nbsp;<em>\u201eUnser Sohn fand das Klettercamp SEHR toll! Er ist ganz erf\u00fcllt zur\u00fcckgekommen. Danke!\u201c. \u201eUnsere Tochter ist von den Tagen bei Ihnen mit einer ganz neuen Reife nach Hause gekommen. Sie hat mit soviel Freude erz\u00e4hlt\u2026\u201c. \u201eDie Messfeiern bei Ihnen sprechen unsere Kinder so sehr an.\u201c. \u201eMein Mann meinte, dass er unsere Kinder noch nie so ausgeglichen erlebt hat, wie nach diesem Ferienlager. Danke, danke, danke\u201c.<\/em><\/p>\n\n\n\n<p>Diese R\u00fcckmeldungen ermutigen uns immer wieder: es lohnt sich, die Kinder und Jugendlichen zusammen zu bringen. Es lohnt sich, ihnen eine sch\u00f6ne und positive Gemeinschaftserfahrung zu erm\u00f6glichen. Es lohnt sich, ihnen den Glauben n\u00e4her zu bringen und mit ihnen zu beten. Es lohnt sich, sie immer wieder zu inspirieren und herauszufordern, um diese Welt ein kleines bisschen besser zu machen.<\/p>\n\n\n\n<p>Wenn auch Sie dabei helfen wollen und jungen Menschen diese pr\u00e4genden und positiven Erfahrungen erm\u00f6glichen wollen, k\u00f6nnen Sie uns hier unterst\u00fctzen. Ihre regelm\u00e4\u00dfige Spende hilft uns, unsere t\u00e4glichen Ausgaben in der Kinder- und Jugendarbeit zu bestreiten: Fahrtkosten; Materialien, die wir au\u00dferhalb von Veranstaltungen brauchen; Dinge, die wir immer wieder nachkaufen m\u00fcssen (B\u00e4lle, Spiele, Literatur zur Weiterbildung).<\/p>\n\n\n\n<p>Wir danken Ihnen von ganzem Herzen!<\/p>\n\n\n\n<p>Bernadette Ballestrem und Pater Raphael Ballestrem LC<\/p>\n<\/div>\n<\/div>\n\n\n\n<script type=\"text\/javascript\" src=\"https:\/\/secure.fundraisingbox.com\/app\/paymentJS?hash=a63nig8wjmtzn1n6\"><\/script><noscript>Bitte Javascript aktivieren<\/noscript><a target=\"_blank\" href=\"https:\/\/www.fundraisingbox.com\" rel=\"noopener\"><img decoding=\"async\" border=\"0\" style=\"border: 0 !important\" src=\"https:\/\/secure.fundraisingbox.com\/images\/FundraisingBox-Logo-Widget.png\" alt=\"FundraisingBox Logo\" \/><\/a>\n\n\n\n<div style=\"height:3rem\" aria-hidden=\"true\" class=\"wp-block-spacer\"><\/div>\n","protected":false},"excerpt":{"rendered":"<p>Unterst\u00fctze die Kinder- und Jugendarbeit des ECYD im Rheinland! Nach den Veranstaltungen mit den Kindern und Jugendlichen erhalten wir immer wieder sehr ermutigende R\u00fcckmeldungen von den Eltern:&nbsp;\u201eUnser Sohn fand das Klettercamp SEHR toll! Er ist ganz erf\u00fcllt zur\u00fcckgekommen. Danke!\u201c. \u201eUnsere Tochter ist von den Tagen bei Ihnen mit einer ganz neuen Reife nach Hause gekommen. [&hellip;]<\/p>\n","protected":false},"author":2,"featured_media":0,"parent":0,"menu_order":0,"comment_status":"closed","ping_status":"closed","template":"page-templates\/page-blank-with-container.php","meta":{"footnotes":""},"class_list":["post-926","page","type-page","status-publish","hentry"],"_links":{"self":[{"href":"https:\/\/www.regnumchristi.eu\/ecyd\/wp-json\/wp\/v2\/pages\/926","targetHints":{"allow":["GET"]}}],"collection":[{"href":"https:\/\/www.regnumchristi.eu\/ecyd\/wp-json\/wp\/v2\/pages"}],"about":[{"href":"https:\/\/www.regnumchristi.eu\/ecyd\/wp-json\/wp\/v2\/types\/page"}],"author":[{"embeddable":true,"href":"https:\/\/www.regnumchristi.eu\/ecyd\/wp-json\/wp\/v2\/users\/2"}],"replies":[{"embeddable":true,"href":"https:\/\/www.regnumchristi.eu\/ecyd\/wp-json\/wp\/v2\/comments?post=926"}],"version-history":[{"count":11,"href":"https:\/\/www.regnumchristi.eu\/ecyd\/wp-json\/wp\/v2\/pages\/926\/revisions"}],"predecessor-version":[{"id":1047,"href":"https:\/\/www.regnumchristi.eu\/ecyd\/wp-json\/wp\/v2\/pages\/926\/revisions\/1047"}],"wp:attachment":[{"href":"https:\/\/www.regnumchristi.eu\/ecyd\/wp-json\/wp\/v2\/media?parent=926"}],"curies":[{"name":"wp","href":"https:\/\/api.w.org\/{rel}","templated":true}]}}