{"id":735,"date":"2023-09-28T15:47:30","date_gmt":"2023-09-28T13:47:30","guid":{"rendered":"https:\/\/www.regnumchristi.eu\/ecyd\/?page_id=735"},"modified":"2023-10-06T10:58:43","modified_gmt":"2023-10-06T08:58:43","slug":"kontakt-2","status":"publish","type":"page","link":"https:\/\/www.regnumchristi.eu\/ecyd\/kontakt-2\/","title":{"rendered":"Kontakt"},"content":{"rendered":"\n<div style=\"height:2rem\" aria-hidden=\"true\" class=\"wp-block-spacer\"><\/div>\n\n\n\n<div class=\"wp-block-columns is-layout-flex wp-container-core-columns-is-layout-9d6595d7 wp-block-columns-is-layout-flex\">\n<div class=\"wp-block-column is-layout-flow wp-block-column-is-layout-flow\" style=\"flex-basis:66.66%\">\n<h2 class=\"wp-block-heading has-rc-rot-color has-text-color has-large-font-size\" style=\"font-style:normal;font-weight:300\">Nehmen Sie gerne Kontakt mit uns auf!<\/h2>\n\n\n\n<h2 class=\"wp-block-heading has-rc-rot-color has-text-color has-medium-font-size\" style=\"font-style:normal;font-weight:100\">Wir freuen uns \u00fcber Ihre Nachricht.<\/h2>\n\n\n\n<p>Sie haben Fragen oder wollen eine Schnupperm\u00f6glichkeit f\u00fcr Ihre Tochter oder Ihren Sohn finden? Wir melden uns schnellstm\u00f6glich bei Ihnen zur\u00fcck!<\/p>\n\n\n<p><div class=\"forminator-ui forminator-custom-form forminator-custom-form-734 forminator-design--default  forminator_ajax\" data-forminator-render=\"0\" data-form=\"forminator-module-734\" data-uid=\"69e8fc738558c\"><br\/><\/div><form\n\t\t\t\tid=\"forminator-module-734\"\n\t\t\t\tclass=\"forminator-ui forminator-custom-form forminator-custom-form-734 forminator-design--default  forminator_ajax\"\n\t\t\t\tmethod=\"post\"\n\t\t\t\tdata-forminator-render=\"0\"\n\t\t\t\tdata-form-id=\"734\"\n\t\t\t\t data-color-option=\"default\" data-design=\"default\" data-grid=\"open\" style=\"display: none;\"\n\t\t\t\tdata-uid=\"69e8fc738558c\"\n\t\t\t><div role=\"alert\" aria-live=\"polite\" class=\"forminator-response-message forminator-error\" aria-hidden=\"true\"><\/div><div class=\"forminator-row\"><div id=\"name-1\" class=\"forminator-field-name forminator-col forminator-col-12 \"><div class=\"forminator-field\"><label for=\"forminator-field-name-1_69e8fc738558c\" id=\"forminator-field-name-1_69e8fc738558c-label\" class=\"forminator-label\">Name <span class=\"forminator-required\">*<\/span><\/label><input type=\"text\" name=\"name-1\" value=\"\" placeholder=\"z.B. Marta Mustermann\" id=\"forminator-field-name-1_69e8fc738558c\" class=\"forminator-input forminator-name--field\" aria-required=\"true\" autocomplete=\"name\" \/><\/div><\/div><\/div><div class=\"forminator-row\"><div id=\"email-1\" class=\"forminator-field-email forminator-col forminator-col-12 \"><div class=\"forminator-field\"><label for=\"forminator-field-email-1_69e8fc738558c\" id=\"forminator-field-email-1_69e8fc738558c-label\" class=\"forminator-label\">E-Mail-Adresse <span class=\"forminator-required\">*<\/span><\/label><input type=\"email\" name=\"email-1\" value=\"\" placeholder=\"z.B. marta@mustermann.com\" id=\"forminator-field-email-1_69e8fc738558c\" class=\"forminator-input forminator-email--field\" data-required=\"1\" aria-required=\"true\" autocomplete=\"email\" \/><\/div><\/div><\/div><div class=\"forminator-row\"><div id=\"text-1\" class=\"forminator-field-text forminator-col forminator-col-12 \"><div class=\"forminator-field\"><label for=\"forminator-field-text-1_69e8fc738558c\" id=\"forminator-field-text-1_69e8fc738558c-label\" class=\"forminator-label\">Telefonnummer<\/label><input type=\"text\" name=\"text-1\" value=\"\" placeholder=\"z.B. 0124 56789\" id=\"forminator-field-text-1_69e8fc738558c\" class=\"forminator-input forminator-name--field\" data-required=\"\" aria-describedby=\"forminator-field-text-1_69e8fc738558c-description\" \/><span id=\"forminator-field-text-1_69e8fc738558c-description\" class=\"forminator-description\">Falls Sie einen R\u00fcckruf w\u00fcnschen, ben\u00f6tigen wir Ihre Telefonnummer.<\/span><\/div><\/div><\/div><div class=\"forminator-row\"><div id=\"textarea-1\" class=\"forminator-field-textarea forminator-col forminator-col-12 \"><div class=\"forminator-field\"><label for=\"forminator-field-textarea-1_69e8fc738558c\" id=\"forminator-field-textarea-1_69e8fc738558c-label\" class=\"forminator-label\">Ihr Anliegen <span class=\"forminator-required\">*<\/span><\/label><textarea name=\"textarea-1\" placeholder=\"\" id=\"forminator-field-textarea-1_69e8fc738558c\" class=\"forminator-textarea\" rows=\"6\" style=\"--forminator-textarea-min-height:140px;\" aria-describedby=\"forminator-field-textarea-1_69e8fc738558c-description\" ><\/textarea><span id=\"forminator-field-textarea-1_69e8fc738558c-description\" class=\"forminator-description\">Beschreiben Sie kurz Ihr Anliegen.<\/span><\/div><\/div><\/div><div class=\"forminator-row\"><\/div><div class=\"forminator-row\"><div id=\"consent-1\" class=\"forminator-field-consent forminator-col forminator-col-12 \"><div class=\"forminator-field\"><label for=\"forminator-field-consent-1_69e8fc738558c\" id=\"forminator-field-consent-1_69e8fc738558c-label\" class=\"forminator-label\">Speicherung Ihrer Daten <span class=\"forminator-required\">*<\/span><\/label><div class=\"forminator-checkbox__wrapper\"><label id=\"forminator-field-consent-1_69e8fc738558c__label\" class=\"forminator-checkbox forminator-consent\"><input type=\"checkbox\" name=\"consent-1\" id=\"forminator-field-consent-1_69e8fc738558c\" value=\"checked\" aria-labelledby=\"forminator-field-consent-1_69e8fc738558c-label\" aria-describedby=\"forminator-field-consent-1_69e8fc738558c__description\" data-required=\"true\" aria-required=\"true\" \/><span class=\"forminator-checkbox-box\" aria-hidden=\"true\"><\/span><\/label><div id=\"forminator-field-consent-1_69e8fc738558c__description\" class=\"forminator-checkbox__label forminator-consent__label\"><p><span class=\"forminator-checkbox-label\">Hiermit nehme ich zur Kenntnis, dass meine Daten zur Kontaktaufnahme durch ECYD und Regnum-Christi-Initiativen e.V. gespeichert werden.<\/span><\/p><\/div><\/div><\/div><\/div><\/div><input type=\"hidden\" name=\"referer_url\" value=\"\" \/><div class=\"forminator-row forminator-row-last\"><div class=\"forminator-col\"><div class=\"forminator-field\"><button class=\"forminator-button forminator-button-submit wp-block-button__link has-rc-beige-color has-rc-rot-background-color has-text-color has-background has-text-align-center wp-element-button\">Nachricht absenden<\/button><\/div><\/div><\/div><input type=\"hidden\" id=\"forminator_nonce\" name=\"forminator_nonce\" value=\"bef73faca0\" \/><input type=\"hidden\" name=\"_wp_http_referer\" value=\"\/ecyd\/wp-json\/wp\/v2\/pages\/735\" \/><input type=\"hidden\" name=\"form_id\" value=\"734\"><input type=\"hidden\" name=\"page_id\" value=\"735\"><input type=\"hidden\" name=\"form_type\" value=\"default\"><input type=\"hidden\" name=\"current_url\" value=\"https:\/\/www.regnumchristi.eu\/ecyd\/kontakt-2\/\"><input type=\"hidden\" name=\"render_id\" value=\"0\"><input type=\"hidden\" name=\"action\" value=\"forminator_submit_form_custom-forms\"><\/form><\/p>\n<\/div>\n\n\n\n<div class=\"wp-block-column is-layout-flow wp-block-column-is-layout-flow\" style=\"flex-basis:33.33%\">\n<h3 class=\"wp-block-heading has-rc-rot-color has-text-color has-medium-font-size\">ECYD Deutschland<\/h3>\n\n\n\n<p>Andreas D\u00f6mling<br>Sohlst\u00e4ttenstra\u00dfe 66, 40880 Ratingen<br>+49 176 4053 4400<br>camps(at)regnumchristi.eu<\/p>\n\n\n\n<div style=\"height:2rem\" aria-hidden=\"true\" class=\"wp-block-spacer\"><\/div>\n\n\n\n<h3 class=\"wp-block-heading has-rc-rot-color has-text-color has-medium-font-size\">ECYD \u00d6sterreich<\/h3>\n\n\n\n<p>P. Leonhard Maier LC<br>Marxergasse 10\/4, 1030 Wien<br>+43 699 192 111 32<br>lmaier(at)legionaries.org<\/p>\n<\/div>\n<\/div>\n","protected":false},"excerpt":{"rendered":"<p>Nehmen Sie gerne Kontakt mit uns auf! Wir freuen uns \u00fcber Ihre Nachricht. Sie haben Fragen oder wollen eine Schnupperm\u00f6glichkeit f\u00fcr Ihre Tochter oder Ihren Sohn finden? Wir melden uns schnellstm\u00f6glich bei Ihnen zur\u00fcck! ECYD Deutschland Andreas D\u00f6mlingSohlst\u00e4ttenstra\u00dfe 66, 40880 Ratingen+49 176 4053 4400camps(at)regnumchristi.eu ECYD \u00d6sterreich P. Leonhard Maier LCMarxergasse 10\/4, 1030 Wien+43 699 192 [&hellip;]<\/p>\n","protected":false},"author":2,"featured_media":0,"parent":0,"menu_order":0,"comment_status":"closed","ping_status":"closed","template":"page-templates\/page-blank-with-container.php","meta":{"footnotes":""},"class_list":["post-735","page","type-page","status-publish","hentry"],"_links":{"self":[{"href":"https:\/\/www.regnumchristi.eu\/ecyd\/wp-json\/wp\/v2\/pages\/735","targetHints":{"allow":["GET"]}}],"collection":[{"href":"https:\/\/www.regnumchristi.eu\/ecyd\/wp-json\/wp\/v2\/pages"}],"about":[{"href":"https:\/\/www.regnumchristi.eu\/ecyd\/wp-json\/wp\/v2\/types\/page"}],"author":[{"embeddable":true,"href":"https:\/\/www.regnumchristi.eu\/ecyd\/wp-json\/wp\/v2\/users\/2"}],"replies":[{"embeddable":true,"href":"https:\/\/www.regnumchristi.eu\/ecyd\/wp-json\/wp\/v2\/comments?post=735"}],"version-history":[{"count":4,"href":"https:\/\/www.regnumchristi.eu\/ecyd\/wp-json\/wp\/v2\/pages\/735\/revisions"}],"predecessor-version":[{"id":968,"href":"https:\/\/www.regnumchristi.eu\/ecyd\/wp-json\/wp\/v2\/pages\/735\/revisions\/968"}],"wp:attachment":[{"href":"https:\/\/www.regnumchristi.eu\/ecyd\/wp-json\/wp\/v2\/media?parent=735"}],"curies":[{"name":"wp","href":"https:\/\/api.w.org\/{rel}","templated":true}]}}