{"id":560,"date":"2023-09-21T15:22:05","date_gmt":"2023-09-21T13:22:05","guid":{"rendered":"https:\/\/www.regnumchristi.eu\/ecyd\/?page_id=560"},"modified":"2024-04-11T11:54:38","modified_gmt":"2024-04-11T09:54:38","slug":"impressum","status":"publish","type":"page","link":"https:\/\/www.regnumchristi.eu\/ecyd\/impressum\/","title":{"rendered":"Impressum"},"content":{"rendered":"\n<div style=\"height:2rem\" aria-hidden=\"true\" class=\"wp-block-spacer\"><\/div>\n\n\n\n<h2 class=\"wp-block-heading\">Impressum<\/h2>\n\n\n\n<p><strong>Verantwortlich im Sinne des \u00a75 des deutschen TMG<br>bzw. Medieninhaber nach dem \u00f6sterreichischen MedienGesetz:<\/strong><\/p>\n\n\n\n<p>Regnum-Christi-Initiativen e.V.<br>Justinianstra\u00dfe 16<br>D-50679 K\u00f6ln-Deutz<br>info.de(at)legionaries.org<\/p>\n\n\n\n<p><strong>Gesetzliche Vertretung durch den Vorstand:<\/strong><\/p>\n\n\n\n<p>P. Valentin G\u00f6gele LC<br>P. Mariano Ballestrem LC<br>P. Konstantin Ballestrem LC<\/p>\n\n\n\n<p><strong>Registereintrag:<\/strong><\/p>\n\n\n\n<p>Vereinsregister beim Amtsgericht K\u00f6ln<br>Registernummer VR 21224<\/p>\n\n\n\n<p><strong>Steuernummern:<\/strong><\/p>\n\n\n\n<p>UID DE814146075<\/p>\n\n\n\n<p><strong>Verantwortlich f\u00fcr den Inhalt:<\/strong><\/p>\n\n\n\n<p>Karl-Olaf Bergmann<br>Kommunikation und \u00d6ffentlichkeitsarbeit<\/p>\n\n\n\n<p>Mobil: +49 (0)172 8449937<br>E-Mail: kobergmann(at)arcol.org<\/p>\n\n\n\n<p>Justinianstr. 16<br>D-50679 K\u00f6ln-Deutz<\/p>\n\n\n\n<p>Regnum-Christi-Initiativen e.V. und Legion\u00e4re Christi e.V., vertr. d. P. Valentin G\u00f6gele LC und P. Mariano Ballestrem LC, sind beides Vereine der Kongregation der Legion\u00e4re Christi in Deutschland.<\/p>\n","protected":false},"excerpt":{"rendered":"<p>Impressum Verantwortlich im Sinne des \u00a75 des deutschen TMGbzw. Medieninhaber nach dem \u00f6sterreichischen MedienGesetz: Regnum-Christi-Initiativen e.V.Justinianstra\u00dfe 16D-50679 K\u00f6ln-Deutzinfo.de(at)legionaries.org Gesetzliche Vertretung durch den Vorstand: P. Valentin G\u00f6gele LCP. Mariano Ballestrem LCP. Konstantin Ballestrem LC Registereintrag: Vereinsregister beim Amtsgericht K\u00f6lnRegisternummer VR 21224 Steuernummern: UID DE814146075 Verantwortlich f\u00fcr den Inhalt: Karl-Olaf BergmannKommunikation und \u00d6ffentlichkeitsarbeit Mobil: +49 (0)172 8449937E-Mail: [&hellip;]<\/p>\n","protected":false},"author":2,"featured_media":0,"parent":0,"menu_order":0,"comment_status":"closed","ping_status":"closed","template":"page-templates\/page-blank-with-container.php","meta":{"footnotes":""},"class_list":["post-560","page","type-page","status-publish","hentry"],"_links":{"self":[{"href":"https:\/\/www.regnumchristi.eu\/ecyd\/wp-json\/wp\/v2\/pages\/560","targetHints":{"allow":["GET"]}}],"collection":[{"href":"https:\/\/www.regnumchristi.eu\/ecyd\/wp-json\/wp\/v2\/pages"}],"about":[{"href":"https:\/\/www.regnumchristi.eu\/ecyd\/wp-json\/wp\/v2\/types\/page"}],"author":[{"embeddable":true,"href":"https:\/\/www.regnumchristi.eu\/ecyd\/wp-json\/wp\/v2\/users\/2"}],"replies":[{"embeddable":true,"href":"https:\/\/www.regnumchristi.eu\/ecyd\/wp-json\/wp\/v2\/comments?post=560"}],"version-history":[{"count":1,"href":"https:\/\/www.regnumchristi.eu\/ecyd\/wp-json\/wp\/v2\/pages\/560\/revisions"}],"predecessor-version":[{"id":1553,"href":"https:\/\/www.regnumchristi.eu\/ecyd\/wp-json\/wp\/v2\/pages\/560\/revisions\/1553"}],"wp:attachment":[{"href":"https:\/\/www.regnumchristi.eu\/ecyd\/wp-json\/wp\/v2\/media?parent=560"}],"curies":[{"name":"wp","href":"https:\/\/api.w.org\/{rel}","templated":true}]}}